{"id":1505,"date":"2017-02-03T00:10:55","date_gmt":"2017-02-03T00:10:55","guid":{"rendered":"http:\/\/denturologistegatineau.ca\/home\/"},"modified":"2023-07-05T11:27:30","modified_gmt":"2023-07-05T15:27:30","slug":"accueil","status":"publish","type":"page","link":"https:\/\/denturologistegatineau.ca\/en\/","title":{"rendered":"Home"},"content":{"rendered":"[vc_row type=&#8221;full_width_background&#8221; full_screen_row_position=&#8221;middle&#8221; bg_image=&#8221;1741&#8243; bg_position=&#8221;center center&#8221; bg_repeat=&#8221;no-repeat&#8221; parallax_bg=&#8221;true&#8221; parallax_bg_speed=&#8221;fast&#8221; scene_position=&#8221;center&#8221; text_color=&#8221;light&#8221; text_align=&#8221;left&#8221; top_padding=&#8221;10%&#8221; bottom_padding=&#8221;15%&#8221; id=&#8221;about&#8221; color_overlay=&#8221;#0a0a0a&#8221; overlay_strength=&#8221;0.5&#8243;][vc_column centered_text=&#8221;true&#8221; column_padding=&#8221;no-extra-padding&#8221; column_padding_position=&#8221;all&#8221; background_color_opacity=&#8221;1&#8243; background_hover_color_opacity=&#8221;1&#8243; column_shadow=&#8221;none&#8221; width=&#8221;1\/1&#8243; tablet_text_alignment=&#8221;default&#8221; phone_text_alignment=&#8221;default&#8221; column_border_width=&#8221;none&#8221; column_border_style=&#8221;solid&#8221;][split_line_heading]\n<h5>Our team of professionals will be pleased to assist you and explain all of our dental treatment.<\/h5>\n<h5>Call us or write us to plan your free consultation!<\/h5>\n[\/split_line_heading][divider line_type=&#8221;Small Line&#8221; line_thickness=&#8221;1&#8243; divider_color=&#8221;accent-color&#8221; animate=&#8221;yes&#8221; custom_line_width=&#8221;40&#8243; delay=&#8221;250&#8243;][divider line_type=&#8221;No Line&#8221; custom_height=&#8221;20&#8243;][split_line_heading]\n<h1>For quality prosthesis<\/h1>\n<h1>that will give you a<\/h1>\n<h1 style=\"color: #d7d3c9;\">smile to your image!<\/h1>\n[\/split_line_heading][divider line_type=&#8221;No Line&#8221; custom_height=&#8221;20&#8243;][nectar_btn size=&#8221;large&#8221; button_style=&#8221;see-through-2&#8243; hover_text_color_override=&#8221;#ffffff&#8221; icon_family=&#8221;none&#8221; url=&#8221;https:\/\/denturologistegatineau.ca\/en\/contact-us&#8221; text=&#8221;Get a free quote now!&#8221; margin_top=&#8221;35&#8243; css_animation=&#8221;fadeInUp&#8221;][\/vc_column][\/vc_row][vc_row type=&#8221;full_width_content&#8221; full_screen_row_position=&#8221;middle&#8221; bg_image=&#8221;992&#8243; bg_position=&#8221;left top&#8221; bg_repeat=&#8221;no-repeat&#8221; parallax_bg=&#8221;true&#8221; parallax_bg_speed=&#8221;slow&#8221; bg_color=&#8221;#e8e8e8&#8243; scene_position=&#8221;center&#8221; text_color=&#8221;light&#8221; text_align=&#8221;left&#8221; overlay_strength=&#8221;0.3&#8243;][vc_column column_padding=&#8221;no-extra-padding&#8221; column_padding_position=&#8221;all&#8221; background_color_opacity=&#8221;1&#8243; background_hover_color_opacity=&#8221;1&#8243; top_margin=&#8221;-7%&#8221; column_shadow=&#8221;none&#8221; width=&#8221;1\/1&#8243; tablet_text_alignment=&#8221;default&#8221; phone_text_alignment=&#8221;default&#8221; column_border_width=&#8221;none&#8221; column_border_style=&#8221;solid&#8221;][vc_row_inner equal_height=&#8221;yes&#8221; content_placement=&#8221;middle&#8221; column_margin=&#8221;none&#8221; text_align=&#8221;left&#8221; id=&#8221;about&#8221; css=&#8221;.vc_custom_1686316405948{margin-right: 5% !important;margin-left: 5% !important;background-color: #ffffff !important;}&#8221;][vc_column_inner column_padding=&#8221;padding-7-percent&#8221; column_padding_position=&#8221;all&#8221; background_color=&#8221;#ffffff&#8221; background_color_opacity=&#8221;1&#8243; font_color=&#8221;#4f4f4f&#8221; width=&#8221;1\/2&#8243; column_border_width=&#8221;none&#8221; column_border_style=&#8221;solid&#8221;][vc_column_text css_animation=&#8221;fadeInUp&#8221;]\n<h2 class=\"wss-widget-title\">Get a Free Consultation!<\/h2>\n[\/vc_column_text][vc_column_text css=&#8221;.vc_custom_1686334276398{margin-top: 40px !important;}&#8221;]Our tean will realize your prostheses in a meticulous and personalized way guaranteed. Your complexion, your features, the shape of your face, the color of your eyes and hair and of course your expectations are factors of great importance taken into consideration in which it works to make prostheses that will suit you perfectly.[\/vc_column_text][\/vc_column_inner][vc_column_inner background_image=&#8221;1732&#8243; enable_bg_scale=&#8221;true&#8221; column_padding=&#8221;padding-5-percent&#8221; column_padding_position=&#8221;all&#8221; background_color_opacity=&#8221;1&#8243; width=&#8221;1\/2&#8243; column_border_width=&#8221;none&#8221; column_border_style=&#8221;solid&#8221;][divider line_type=&#8221;No Line&#8221; custom_height=&#8221;400&#8243;][\/vc_column_inner][\/vc_row_inner][vc_row_inner equal_height=&#8221;yes&#8221; content_placement=&#8221;middle&#8221; column_margin=&#8221;none&#8221; text_align=&#8221;left&#8221; css=&#8221;.vc_custom_1686316414533{margin-right: 5% !important;margin-left: 5% !important;}&#8221;][vc_column_inner background_image=&#8221;1969&#8243; enable_bg_scale=&#8221;true&#8221; column_padding=&#8221;no-extra-padding&#8221; column_padding_position=&#8221;all&#8221; background_color_opacity=&#8221;1&#8243; width=&#8221;1\/2&#8243; column_border_width=&#8221;none&#8221; column_border_style=&#8221;solid&#8221;][divider line_type=&#8221;No Line&#8221; custom_height=&#8221;400&#8243;][\/vc_column_inner][vc_column_inner column_padding=&#8221;padding-7-percent&#8221; column_padding_position=&#8221;all&#8221; background_color=&#8221;#4f4f50&#8243; background_color_opacity=&#8221;1&#8243; font_color=&#8221;#ffffff&#8221; width=&#8221;1\/2&#8243; column_border_width=&#8221;none&#8221; column_border_style=&#8221;solid&#8221;][vc_column_text css_animation=&#8221;fadeInUp&#8221; max_width=&#8221;350&#8243;]\n<h2>Opening hours<\/h2>\n[\/vc_column_text][vc_column_text css=&#8221;.vc_custom_1686334309598{margin-top: 40px !important;margin-bottom: 20px !important;}&#8221;]<strong>Monday:<\/strong>\u00a09:00 am \u2013 5:00 pm<br \/>\n<strong>Tuesday:<\/strong>\u00a09:00 am \u2013 5:00 pm<br \/>\n<strong>Wednesday:<\/strong>\u00a09:00 am \u2013 5:00 pm<br \/>\n<strong>Thursday:<\/strong>\u00a09:00 am \u2013 5:00 pm<\/p>\n<p id=\"tw-target-text\" dir=\"ltr\" data-placeholder=\"Translation\"><strong><span lang=\"en\">Evenings available by appointment only!<\/span><\/strong><\/p>\n[\/vc_column_text][divider line_type=&#8221;No Line&#8221; custom_height=&#8221;20&#8243;][nectar_cta heading_tag=&#8221;h5&#8243; text_color=&#8221;#ffffff&#8221; link_type=&#8221;regular&#8221; alignment=&#8221;left&#8221; link_text=&#8221;Contact us&#8221; url=&#8221;https:\/\/denturologistegatineau.ca\/en\/contact-us&#8221;][\/vc_column_inner][\/vc_row_inner][\/vc_column][\/vc_row][vc_row type=&#8221;full_width_background&#8221; full_screen_row_position=&#8221;middle&#8221; bg_color=&#8221;#ffffff&#8221; scene_position=&#8221;center&#8221; text_color=&#8221;dark&#8221; text_align=&#8221;left&#8221; top_padding=&#8221;10%&#8221; bottom_padding=&#8221;7%&#8221; overlay_strength=&#8221;0.3&#8243;][vc_column column_padding=&#8221;no-extra-padding&#8221; column_padding_position=&#8221;all&#8221; background_color_opacity=&#8221;1&#8243; background_hover_color_opacity=&#8221;1&#8243; column_shadow=&#8221;none&#8221; width=&#8221;1\/1&#8243; tablet_text_alignment=&#8221;default&#8221; phone_text_alignment=&#8221;default&#8221; column_border_width=&#8221;none&#8221; column_border_style=&#8221;solid&#8221;][vc_column_text css_animation=&#8221;bottom-to-top&#8221; css=&#8221;.vc_custom_1686334326852{margin-bottom: 30px !important;}&#8221;]\n<h2 style=\"text-align: center;\">Our range of products and services<\/h2>\n[\/vc_column_text][divider line_type=&#8221;No Line&#8221; custom_height=&#8221;40&#8243;][tabbed_section style=&#8221;minimal_alt&#8221; alignment=&#8221;center&#8221; cta_button_style=&#8221;accent-color&#8221; el_class=&#8221;titretabs&#8221;][tab title=&#8221;Dental prothesis&#8221; id=&#8221;1483371702-1-88&#8243; tab_id=&#8221;1483371745354-1&#8243;][vc_row_inner column_margin=&#8221;default&#8221; top_padding=&#8221;30&#8243; text_align=&#8221;left&#8221;][vc_column_inner enable_animation=&#8221;true&#8221; animation=&#8221;fade-in&#8221; column_padding=&#8221;padding-2-percent&#8221; column_padding_position=&#8221;all&#8221; background_color_opacity=&#8221;1&#8243; width=&#8221;1\/3&#8243; column_border_width=&#8221;none&#8221; column_border_style=&#8221;solid&#8221;][image_with_animation image_url=&#8221;1720&#8243; alignment=&#8221;center&#8221; animation=&#8221;Fade In&#8221; box_shadow=&#8221;none&#8221; max_width=&#8221;100%&#8221; delay=&#8221;250&#8243;][\/vc_column_inner][vc_column_inner enable_animation=&#8221;true&#8221; animation=&#8221;fade-in&#8221; column_padding=&#8221;padding-5-percent&#8221; column_padding_position=&#8221;all&#8221; background_color_opacity=&#8221;1&#8243; width=&#8221;2\/3&#8243; column_border_width=&#8221;none&#8221; column_border_style=&#8221;solid&#8221;][divider line_type=&#8221;No Line&#8221; custom_height=&#8221;40&#8243;][vc_column_text css=&#8221;.vc_custom_1686334345463{margin-bottom: 30px !important;}&#8221;]\n<p class=\"p1\">You need to have your teeth removed, or you just want to renew your dental prostheses? Gabrielle Cimon d.d. will know how to guide you towards the ideal treatment plan for you.<\/p>\n[\/vc_column_text][nectar_btn size=&#8221;large&#8221; button_style=&#8221;see-through-2&#8243; hover_text_color_override=&#8221;#ffffff&#8221; icon_family=&#8221;none&#8221; url=&#8221;\/en\/dental-prothesis&#8221; text=&#8221;Read more&#8221; margin_top=&#8221;35&#8243;][\/vc_column_inner][\/vc_row_inner][\/tab][tab title=&#8221;Reline&#8221; id=&#8221;1507217124456-4-6&#8243; tab_id=&#8221;1483371745354-1&#8243;][vc_row_inner column_margin=&#8221;default&#8221; top_padding=&#8221;30&#8243; text_align=&#8221;left&#8221;][vc_column_inner enable_animation=&#8221;true&#8221; animation=&#8221;fade-in&#8221; column_padding=&#8221;padding-2-percent&#8221; column_padding_position=&#8221;all&#8221; background_color_opacity=&#8221;1&#8243; width=&#8221;1\/3&#8243; column_border_width=&#8221;none&#8221; column_border_style=&#8221;solid&#8221;][image_with_animation image_url=&#8221;1725&#8243; alignment=&#8221;center&#8221; animation=&#8221;Fade In&#8221; box_shadow=&#8221;none&#8221; max_width=&#8221;100%&#8221; delay=&#8221;250&#8243;][\/vc_column_inner][vc_column_inner enable_animation=&#8221;true&#8221; animation=&#8221;fade-in&#8221; column_padding=&#8221;padding-5-percent&#8221; column_padding_position=&#8221;all&#8221; background_color_opacity=&#8221;1&#8243; width=&#8221;2\/3&#8243; column_border_width=&#8221;none&#8221; column_border_style=&#8221;solid&#8221;][vc_column_text css=&#8221;.vc_custom_1686334383964{margin-bottom: 30px !important;}&#8221;]\n<p class=\"p1\">Replenishment consists of filling the space created between your dental prosthesis and your gums using acrylic. It is precision work that aims to adjust the denture as best as possible to the new shape of the gums and bones of the jaw. By re-adjusting, the position of your teeth, so the look of your smile does not change, at the same time, your comfort improve.<\/p>\n[\/vc_column_text][nectar_btn size=&#8221;large&#8221; button_style=&#8221;see-through-2&#8243; hover_text_color_override=&#8221;#ffffff&#8221; icon_family=&#8221;none&#8221; url=&#8221;\/en\/reline&#8221; text=&#8221;En savoir plus&#8221; margin_top=&#8221;35&#8243;][\/vc_column_inner][\/vc_row_inner][\/tab][tab title=&#8221;Repair &amp; Emergency service&#8221; id=&#8221;1504121276678-5-4&#8243; tab_id=&#8221;1483371745354-1&#8243;][vc_row_inner column_margin=&#8221;default&#8221; top_padding=&#8221;30&#8243; text_align=&#8221;left&#8221;][vc_column_inner enable_animation=&#8221;true&#8221; animation=&#8221;fade-in&#8221; column_padding=&#8221;padding-2-percent&#8221; column_padding_position=&#8221;all&#8221; background_color_opacity=&#8221;1&#8243; width=&#8221;1\/3&#8243; column_border_width=&#8221;none&#8221; column_border_style=&#8221;solid&#8221;][image_with_animation image_url=&#8221;1728&#8243; alignment=&#8221;center&#8221; animation=&#8221;Fade In&#8221; box_shadow=&#8221;none&#8221; max_width=&#8221;100%&#8221; delay=&#8221;250&#8243;][\/vc_column_inner][vc_column_inner enable_animation=&#8221;true&#8221; animation=&#8221;fade-in&#8221; column_padding=&#8221;padding-5-percent&#8221; column_padding_position=&#8221;all&#8221; background_color_opacity=&#8221;1&#8243; width=&#8221;2\/3&#8243; column_border_width=&#8221;none&#8221; column_border_style=&#8221;solid&#8221;][divider line_type=&#8221;No Line&#8221; custom_height=&#8221;40&#8243;][vc_column_text css=&#8221;.vc_custom_1686334411419{margin-bottom: 30px !important;}&#8221;]\n<p class=\"p1\">Regardless of the type of work to be done, by visiting Gabrielle Cimon d.d., you stay assured of impeccable work and prompt service!<\/p>\n[\/vc_column_text][nectar_btn size=&#8221;large&#8221; button_style=&#8221;see-through-2&#8243; hover_text_color_override=&#8221;#ffffff&#8221; icon_family=&#8221;none&#8221; url=&#8221;\/en\/repair-emergency-service\/&#8221; text=&#8221;Read more&#8221; margin_top=&#8221;35&#8243;][\/vc_column_inner][\/vc_row_inner][\/tab][\/tabbed_section][\/vc_column][\/vc_row][vc_row type=&#8221;full_width_content&#8221; full_screen_row_position=&#8221;middle&#8221; vertically_center_columns=&#8221;true&#8221; bg_image=&#8221;996&#8243; bg_position=&#8221;left top&#8221; bg_repeat=&#8221;no-repeat&#8221; bg_color=&#8221;#d9d5cb&#8221; scene_position=&#8221;center&#8221; text_color=&#8221;dark&#8221; text_align=&#8221;center&#8221; top_padding=&#8221;5%&#8221; bottom_padding=&#8221;5%&#8221; overlay_strength=&#8221;0.5&#8243;][vc_column centered_text=&#8221;true&#8221; column_padding=&#8221;no-extra-padding&#8221; column_padding_position=&#8221;all&#8221; background_color_opacity=&#8221;1&#8243; background_hover_color_opacity=&#8221;1&#8243; column_shadow=&#8221;none&#8221; width=&#8221;1\/1&#8243; tablet_text_alignment=&#8221;default&#8221; phone_text_alignment=&#8221;default&#8221; column_border_width=&#8221;none&#8221; column_border_style=&#8221;solid&#8221;][vc_row_inner content_placement=&#8221;middle&#8221; column_margin=&#8221;none&#8221; text_align=&#8221;left&#8221;][vc_column_inner enable_animation=&#8221;true&#8221; animation=&#8221;fade-in-from-bottom&#8221; column_padding=&#8221;no-extra-padding&#8221; column_padding_position=&#8221;all&#8221; background_color_opacity=&#8221;1&#8243; width=&#8221;1\/4&#8243; column_border_width=&#8221;none&#8221; column_border_style=&#8221;solid&#8221;][image_with_animation image_url=&#8221;1165&#8243; alignment=&#8221;&#8221; animation=&#8221;Fade In&#8221; box_shadow=&#8221;none&#8221; max_width=&#8221;100%&#8221;][\/vc_column_inner][vc_column_inner column_padding=&#8221;no-extra-padding&#8221; column_padding_position=&#8221;all&#8221; background_color_opacity=&#8221;1&#8243; width=&#8221;1\/4&#8243; column_border_width=&#8221;none&#8221; column_border_style=&#8221;solid&#8221;][vc_column_text]\n<p style=\"text-align: center;\">Address<\/p>\n[\/vc_column_text][divider line_type=&#8221;No Line&#8221; custom_height=&#8221;30&#8243;][vc_column_text]\n<h4 style=\"text-align: center;\">151 St-Antoine<br \/>\nGatineau J8T 3M6<\/h4>\n[\/vc_column_text][\/vc_column_inner][vc_column_inner column_padding=&#8221;no-extra-padding&#8221; column_padding_position=&#8221;all&#8221; background_color_opacity=&#8221;1&#8243; width=&#8221;1\/4&#8243; column_border_width=&#8221;none&#8221; column_border_style=&#8221;solid&#8221;][vc_column_text]\n<p style=\"text-align: center;\">Phone<\/p>\n<h2 style=\"color: #252525; text-align: center;\"><a style=\"color: #444;\" href=\"tel:+18195613111\">(819) 561-3111<\/a><\/h2>\n[\/vc_column_text][\/vc_column_inner][vc_column_inner column_padding=&#8221;no-extra-padding&#8221; column_padding_position=&#8221;all&#8221; background_color_opacity=&#8221;1&#8243; width=&#8221;1\/4&#8243; column_border_width=&#8221;none&#8221; column_border_style=&#8221;solid&#8221;][vc_column_text]\n<p style=\"text-align: center;\">Do you have any questions?<\/p>\n[\/vc_column_text][divider line_type=&#8221;No Line&#8221; custom_height=&#8221;30&#8243;][nectar_btn size=&#8221;large&#8221; button_style=&#8221;regular&#8221; button_color_2=&#8221;Extra-Color-1&#8243; icon_family=&#8221;none&#8221; url=&#8221;https:\/\/denturologistegatineau.ca\/en\/contact-us&#8221; text=&#8221;Contact us&#8221;][\/vc_column_inner][\/vc_row_inner][\/vc_column][\/vc_row]\n","protected":false},"excerpt":{"rendered":"<p>[vc_row type=&#8221;full_width_background&#8221; full_screen_row_position=&#8221;middle&#8221; bg_image=&#8221;1741&#8243; bg_position=&#8221;center center&#8221; bg_repeat=&#8221;no-repeat&#8221; parallax_bg=&#8221;true&#8221; parallax_bg_speed=&#8221;fast&#8221; scene_position=&#8221;center&#8221; text_color=&#8221;light&#8221; text_align=&#8221;left&#8221; top_padding=&#8221;10%&#8221; bottom_padding=&#8221;15%&#8221; id=&#8221;about&#8221; color_overlay=&#8221;#0a0a0a&#8221; overlay_strength=&#8221;0.5&#8243;][vc_column centered_text=&#8221;true&#8221; column_padding=&#8221;no-extra-padding&#8221; column_padding_position=&#8221;all&#8221; background_color_opacity=&#8221;1&#8243; background_hover_color_opacity=&#8221;1&#8243; column_shadow=&#8221;none&#8221; width=&#8221;1\/1&#8243; tablet_text_alignment=&#8221;default&#8221; phone_text_alignment=&#8221;default&#8221; column_border_width=&#8221;none&#8221; column_border_style=&#8221;solid&#8221;][split_line_heading] Our team&#8230;<\/p>\n","protected":false},"author":1,"featured_media":0,"parent":0,"menu_order":0,"comment_status":"closed","ping_status":"closed","template":"","meta":{"_exactmetrics_skip_tracking":false,"_exactmetrics_sitenote_active":false,"_exactmetrics_sitenote_note":"","_exactmetrics_sitenote_category":0,"footnotes":""},"class_list":["post-1505","page","type-page","status-publish"],"yoast_head":"<!-- This site is optimized with the Yoast SEO plugin v25.3.1 - https:\/\/yoast.com\/wordpress\/plugins\/seo\/ -->\n<title>Centre de Denturologie Gabrielle Cimon d.d. | Proth\u00e8se dentaire | Gatineau<\/title>\n<meta name=\"description\" content=\"Pour des proth\u00e8ses de qualit\u00e9 et un sourire \u00e0 votre image! Gabrielle Cimon d.d. vous propose tous les services de denturologie dont vous avez besoin!\" \/>\n<meta name=\"robots\" content=\"index, follow, max-snippet:-1, max-image-preview:large, max-video-preview:-1\" \/>\n<link rel=\"canonical\" href=\"https:\/\/denturologistegatineau.ca\/en\/\" \/>\n<meta property=\"og:locale\" content=\"en_US\" \/>\n<meta property=\"og:type\" content=\"article\" \/>\n<meta property=\"og:title\" content=\"Centre de Denturologie Gabrielle Cimon d.d.\" \/>\n<meta property=\"og:description\" content=\"Pour des proth\u00e8ses de qualit\u00e9 et un sourire \u00e0 votre image! Gabrielle Cimon d.d. vous propose tous les services de denturologie dont vous avez besoin!\" \/>\n<meta property=\"og:url\" content=\"https:\/\/denturologistegatineau.ca\/en\/\" \/>\n<meta property=\"og:site_name\" content=\"Centre de Denturologie Gabrielle Cimon d.d\" \/>\n<meta property=\"article:publisher\" content=\"https:\/\/www.facebook.com\/Centre-de-Denturologie-Gabrielle-Cimon-dd-234970883320669\/?pnref=lhc\" \/>\n<meta property=\"article:modified_time\" content=\"2023-07-05T15:27:30+00:00\" \/>\n<meta property=\"og:image\" content=\"http:\/\/denturologistegatineau.ca\/wp-content\/uploads\/2017\/10\/denturo_cover_fb.jpg\" \/>\n<meta name=\"twitter:card\" content=\"summary_large_image\" \/>\n<meta name=\"twitter:label1\" content=\"Est. reading time\" \/>\n\t<meta name=\"twitter:data1\" content=\"3 minutes\" \/>\n<script type=\"application\/ld+json\" class=\"yoast-schema-graph\">{\"@context\":\"https:\/\/schema.org\",\"@graph\":[{\"@type\":\"WebPage\",\"@id\":\"https:\/\/denturologistegatineau.ca\/en\/\",\"url\":\"https:\/\/denturologistegatineau.ca\/en\/\",\"name\":\"Centre de Denturologie Gabrielle Cimon d.d. | Proth\u00e8se dentaire | Gatineau\",\"isPartOf\":{\"@id\":\"https:\/\/denturologistegatineau.ca\/en\/#website\"},\"datePublished\":\"2017-02-03T00:10:55+00:00\",\"dateModified\":\"2023-07-05T15:27:30+00:00\",\"description\":\"Pour des proth\u00e8ses de qualit\u00e9 et un sourire \u00e0 votre image! Gabrielle Cimon d.d. vous propose tous les services de denturologie dont vous avez besoin!\",\"breadcrumb\":{\"@id\":\"https:\/\/denturologistegatineau.ca\/en\/#breadcrumb\"},\"inLanguage\":\"en-US\",\"potentialAction\":[{\"@type\":\"ReadAction\",\"target\":[\"https:\/\/denturologistegatineau.ca\/en\/\"]}]},{\"@type\":\"BreadcrumbList\",\"@id\":\"https:\/\/denturologistegatineau.ca\/en\/#breadcrumb\",\"itemListElement\":[{\"@type\":\"ListItem\",\"position\":1,\"name\":\"Home\",\"item\":\"https:\/\/denturologistegatineau.ca\/en\/\"},{\"@type\":\"ListItem\",\"position\":2,\"name\":\"Home\"}]},{\"@type\":\"WebSite\",\"@id\":\"https:\/\/denturologistegatineau.ca\/en\/#website\",\"url\":\"https:\/\/denturologistegatineau.ca\/en\/\",\"name\":\"Centre de Denturologie Gabrielle Cimon d.d\",\"description\":\"Denturologiste Gatineau\",\"publisher\":{\"@id\":\"https:\/\/denturologistegatineau.ca\/en\/#organization\"},\"potentialAction\":[{\"@type\":\"SearchAction\",\"target\":{\"@type\":\"EntryPoint\",\"urlTemplate\":\"https:\/\/denturologistegatineau.ca\/en\/?s={search_term_string}\"},\"query-input\":{\"@type\":\"PropertyValueSpecification\",\"valueRequired\":true,\"valueName\":\"search_term_string\"}}],\"inLanguage\":\"en-US\"},{\"@type\":\"Organization\",\"@id\":\"https:\/\/denturologistegatineau.ca\/en\/#organization\",\"name\":\"Centre de Denturologie Gabrielle CImon d.d.\",\"url\":\"https:\/\/denturologistegatineau.ca\/en\/\",\"logo\":{\"@type\":\"ImageObject\",\"inLanguage\":\"en-US\",\"@id\":\"https:\/\/denturologistegatineau.ca\/en\/#\/schema\/logo\/image\/\",\"url\":\"http:\/\/denturologistegatineau.ca\/wp-content\/uploads\/2017\/10\/denturo_cover_fb.jpg\",\"contentUrl\":\"http:\/\/denturologistegatineau.ca\/wp-content\/uploads\/2017\/10\/denturo_cover_fb.jpg\",\"width\":1200,\"height\":630,\"caption\":\"Centre de Denturologie Gabrielle CImon d.d.\"},\"image\":{\"@id\":\"https:\/\/denturologistegatineau.ca\/en\/#\/schema\/logo\/image\/\"},\"sameAs\":[\"https:\/\/www.facebook.com\/Centre-de-Denturologie-Gabrielle-Cimon-dd-234970883320669\/?pnref=lhc\"]}]}<\/script>\n<!-- \/ Yoast SEO plugin. -->","yoast_head_json":{"title":"Centre de Denturologie Gabrielle Cimon d.d. | Proth\u00e8se dentaire | Gatineau","description":"Pour des proth\u00e8ses de qualit\u00e9 et un sourire \u00e0 votre image! Gabrielle Cimon d.d. vous propose tous les services de denturologie dont vous avez besoin!","robots":{"index":"index","follow":"follow","max-snippet":"max-snippet:-1","max-image-preview":"max-image-preview:large","max-video-preview":"max-video-preview:-1"},"canonical":"https:\/\/denturologistegatineau.ca\/en\/","og_locale":"en_US","og_type":"article","og_title":"Centre de Denturologie Gabrielle Cimon d.d.","og_description":"Pour des proth\u00e8ses de qualit\u00e9 et un sourire \u00e0 votre image! Gabrielle Cimon d.d. vous propose tous les services de denturologie dont vous avez besoin!","og_url":"https:\/\/denturologistegatineau.ca\/en\/","og_site_name":"Centre de Denturologie Gabrielle Cimon d.d","article_publisher":"https:\/\/www.facebook.com\/Centre-de-Denturologie-Gabrielle-Cimon-dd-234970883320669\/?pnref=lhc","article_modified_time":"2023-07-05T15:27:30+00:00","og_image":[{"url":"http:\/\/denturologistegatineau.ca\/wp-content\/uploads\/2017\/10\/denturo_cover_fb.jpg","type":"","width":"","height":""}],"twitter_card":"summary_large_image","twitter_misc":{"Est. reading time":"3 minutes"},"schema":{"@context":"https:\/\/schema.org","@graph":[{"@type":"WebPage","@id":"https:\/\/denturologistegatineau.ca\/en\/","url":"https:\/\/denturologistegatineau.ca\/en\/","name":"Centre de Denturologie Gabrielle Cimon d.d. | Proth\u00e8se dentaire | Gatineau","isPartOf":{"@id":"https:\/\/denturologistegatineau.ca\/en\/#website"},"datePublished":"2017-02-03T00:10:55+00:00","dateModified":"2023-07-05T15:27:30+00:00","description":"Pour des proth\u00e8ses de qualit\u00e9 et un sourire \u00e0 votre image! Gabrielle Cimon d.d. vous propose tous les services de denturologie dont vous avez besoin!","breadcrumb":{"@id":"https:\/\/denturologistegatineau.ca\/en\/#breadcrumb"},"inLanguage":"en-US","potentialAction":[{"@type":"ReadAction","target":["https:\/\/denturologistegatineau.ca\/en\/"]}]},{"@type":"BreadcrumbList","@id":"https:\/\/denturologistegatineau.ca\/en\/#breadcrumb","itemListElement":[{"@type":"ListItem","position":1,"name":"Home","item":"https:\/\/denturologistegatineau.ca\/en\/"},{"@type":"ListItem","position":2,"name":"Home"}]},{"@type":"WebSite","@id":"https:\/\/denturologistegatineau.ca\/en\/#website","url":"https:\/\/denturologistegatineau.ca\/en\/","name":"Centre de Denturologie Gabrielle Cimon d.d","description":"Denturologiste Gatineau","publisher":{"@id":"https:\/\/denturologistegatineau.ca\/en\/#organization"},"potentialAction":[{"@type":"SearchAction","target":{"@type":"EntryPoint","urlTemplate":"https:\/\/denturologistegatineau.ca\/en\/?s={search_term_string}"},"query-input":{"@type":"PropertyValueSpecification","valueRequired":true,"valueName":"search_term_string"}}],"inLanguage":"en-US"},{"@type":"Organization","@id":"https:\/\/denturologistegatineau.ca\/en\/#organization","name":"Centre de Denturologie Gabrielle CImon d.d.","url":"https:\/\/denturologistegatineau.ca\/en\/","logo":{"@type":"ImageObject","inLanguage":"en-US","@id":"https:\/\/denturologistegatineau.ca\/en\/#\/schema\/logo\/image\/","url":"http:\/\/denturologistegatineau.ca\/wp-content\/uploads\/2017\/10\/denturo_cover_fb.jpg","contentUrl":"http:\/\/denturologistegatineau.ca\/wp-content\/uploads\/2017\/10\/denturo_cover_fb.jpg","width":1200,"height":630,"caption":"Centre de Denturologie Gabrielle CImon d.d."},"image":{"@id":"https:\/\/denturologistegatineau.ca\/en\/#\/schema\/logo\/image\/"},"sameAs":["https:\/\/www.facebook.com\/Centre-de-Denturologie-Gabrielle-Cimon-dd-234970883320669\/?pnref=lhc"]}]}},"_links":{"self":[{"href":"https:\/\/denturologistegatineau.ca\/en\/wp-json\/wp\/v2\/pages\/1505","targetHints":{"allow":["GET"]}}],"collection":[{"href":"https:\/\/denturologistegatineau.ca\/en\/wp-json\/wp\/v2\/pages"}],"about":[{"href":"https:\/\/denturologistegatineau.ca\/en\/wp-json\/wp\/v2\/types\/page"}],"author":[{"embeddable":true,"href":"https:\/\/denturologistegatineau.ca\/en\/wp-json\/wp\/v2\/users\/1"}],"replies":[{"embeddable":true,"href":"https:\/\/denturologistegatineau.ca\/en\/wp-json\/wp\/v2\/comments?post=1505"}],"version-history":[{"count":18,"href":"https:\/\/denturologistegatineau.ca\/en\/wp-json\/wp\/v2\/pages\/1505\/revisions"}],"predecessor-version":[{"id":1973,"href":"https:\/\/denturologistegatineau.ca\/en\/wp-json\/wp\/v2\/pages\/1505\/revisions\/1973"}],"wp:attachment":[{"href":"https:\/\/denturologistegatineau.ca\/en\/wp-json\/wp\/v2\/media?parent=1505"}],"curies":[{"name":"wp","href":"https:\/\/api.w.org\/{rel}","templated":true}]}}